{"id":1042,"date":"2023-12-22T10:47:57","date_gmt":"2023-12-22T18:47:57","guid":{"rendered":"https:\/\/www.recyclefromhome.com\/?page_id=1042"},"modified":"2024-01-05T10:08:41","modified_gmt":"2024-01-05T18:08:41","slug":"recycle-from-work","status":"publish","type":"page","link":"https:\/\/www.recyclefromhome.com\/es\/recycle-from-work\/","title":{"rendered":"Reciclar del trabajo"},"content":{"rendered":"<p>Recycle From Work\u2122 es la divisi\u00f3n comercial de Recycle From Home\u2122. De naturaleza similar a nuestro servicio de recogida residencial, estamos sirviendo a m\u00faltiples ciudades en el sur de California y Recycle From Work\u2122 es el \u00fanico servicio de reciclaje m\u00f3vil autorizado en el estado de California que proporciona a los clientes una manera de canjear sus reciclables CA CRV directamente desde su lugar de trabajo.<\/p>\n<p>No importa si se encuentra en un edificio alto, un restaurante, un almac\u00e9n comercial o un escaparate. Recogeremos y le pagaremos por sus materiales reciclables de CA CRV de la misma manera. Nuestro centro de procesamiento programa a nuestros conductores para recoger a la hora designada que usted seleccione. Adem\u00e1s, sus art\u00edculos se reciclan en las 24 horas siguientes a la recogida. Sus art\u00edculos reciclados se pesan y se calcula su reembolso, basado en las tarifas de CA CRV, y se procesa para el pago. Los fondos de su canje de reciclaje se le env\u00edan entonces electr\u00f3nicamente o como un cheque que se le env\u00eda por correo menos una tasa de servicio 10% para cubrir los costes de nuestro programa.<\/p>\n<p>Le proporcionamos bolsas de recogida y etiquetas de seguimiento con c\u00f3digo de barras. Con ellas, podr\u00e1 clasificar sus latas de aluminio, pl\u00e1stico y botellas de vidrio de CA CRV. S\u00f3lo tiene que programar una recogida en l\u00ednea y colocar sus art\u00edculos para que los recojamos y \u00a1listo! Nosotros nos encargamos del resto.<\/p>\n<p>\u00bfTiene residuos electr\u00f3nicos comerciales? Tambi\u00e9n nos llevamos sus aparatos electr\u00f3nicos viejos o rotos. Simplemente deje sus residuos electr\u00f3nicos junto a sus bolsas CRV cuando programe su pr\u00f3xima recogida. Nos aseguraremos de que se reciclen correctamente.<\/p>\n<p><a href=\"https:\/\/www.recyclefromhome.com\/es\/what-we-take\/\">HAGA CLIC AQU\u00cd PARA VER LOS TIPOS DE ENVASES QUE PODEMOS RECICLAR A TRAV\u00c9S DE NUESTRO PROGRAMA.<\/a><\/p>","protected":false},"excerpt":{"rendered":"Recycle From Work\u2122 es la divisi\u00f3n comercial de Recycle From Home\u2122. Similar en naturaleza a nuestro servicio de recogida residencial, estamos sirviendo a m\u00faltiples ciudades en el sur de California y Recycle From Work\u2122 es el \u00fanico servicio de reciclaje m\u00f3vil autorizado en el estado de California que proporciona a los clientes una manera de canjear sus reciclables CA CRV directamente [...].","protected":false},"author":7,"featured_media":0,"parent":0,"menu_order":0,"comment_status":"closed","ping_status":"closed","template":"template-rfw.php","meta":{"ngg_post_thumbnail":0,"footnotes":""},"class_list":["post-1042","page","type-page","status-publish","hentry"],"acf":[],"_links":{"self":[{"href":"https:\/\/www.recyclefromhome.com\/es\/wp-json\/wp\/v2\/pages\/1042","targetHints":{"allow":["GET"]}}],"collection":[{"href":"https:\/\/www.recyclefromhome.com\/es\/wp-json\/wp\/v2\/pages"}],"about":[{"href":"https:\/\/www.recyclefromhome.com\/es\/wp-json\/wp\/v2\/types\/page"}],"author":[{"embeddable":true,"href":"https:\/\/www.recyclefromhome.com\/es\/wp-json\/wp\/v2\/users\/7"}],"replies":[{"embeddable":true,"href":"https:\/\/www.recyclefromhome.com\/es\/wp-json\/wp\/v2\/comments?post=1042"}],"version-history":[{"count":0,"href":"https:\/\/www.recyclefromhome.com\/es\/wp-json\/wp\/v2\/pages\/1042\/revisions"}],"wp:attachment":[{"href":"https:\/\/www.recyclefromhome.com\/es\/wp-json\/wp\/v2\/media?parent=1042"}],"curies":[{"name":"wp","href":"https:\/\/api.w.org\/{rel}","templated":true}]}}